{"id":2606,"date":"2025-12-29T13:07:36","date_gmt":"2025-12-29T12:07:36","guid":{"rendered":"https:\/\/www.domainedeletabliere.com\/?page_id=2606"},"modified":"2026-01-29T19:23:04","modified_gmt":"2026-01-29T18:23:04","slug":"bourgenay-golf-club","status":"publish","type":"page","link":"https:\/\/www.domainedeletabliere.com\/en\/the-surrounding-area\/bourgenay-golf-club\/","title":{"rendered":"Bourgenay Golf Club"},"content":{"rendered":"<div data-elementor-type=\"wp-page\" data-elementor-id=\"2606\" class=\"elementor elementor-2606\" data-elementor-post-type=\"page\">\n\t\t\t\t<div class=\"elementor-element elementor-element-78dfe5c e-flex e-con-boxed e-con e-parent\" data-id=\"78dfe5c\" data-element_type=\"container\" data-settings=\"{&quot;background_background&quot;:&quot;classic&quot;}\">\n\t\t\t\t\t<div class=\"e-con-inner\">\n\t\t\t\t<div class=\"elementor-element elementor-element-9d7d0e5 elementor-widget elementor-widget-heading\" data-id=\"9d7d0e5\" data-element_type=\"widget\" data-widget_type=\"heading.default\">\n\t\t\t\t<div class=\"elementor-widget-container\">\n\t\t\t\t\t<h1 class=\"elementor-heading-title elementor-size-default\">Bourgenay Golf Club, sporting elegance<\/h1>\t\t\t\t<\/div>\n\t\t\t\t<\/div>\n\t\t<div class=\"elementor-element elementor-element-cdbee99 e-con-full conteneur-fit e-flex e-con e-child\" data-id=\"cdbee99\" data-element_type=\"container\">\n\t\t\t\t<div class=\"elementor-element elementor-element-763ec64 elementor-widget elementor-widget-heading\" data-id=\"763ec64\" data-element_type=\"widget\" data-widget_type=\"heading.default\">\n\t\t\t\t<div class=\"elementor-widget-container\">\n\t\t\t\t\t<div class=\"elementor-heading-title elementor-size-default\">Bourgenay<\/div>\t\t\t\t<\/div>\n\t\t\t\t<\/div>\n\t\t\t\t<div class=\"elementor-element elementor-element-ce69dc4 elementor-widget elementor-widget-heading\" data-id=\"ce69dc4\" data-element_type=\"widget\" data-widget_type=\"heading.default\">\n\t\t\t\t<div class=\"elementor-widget-container\">\n\t\t\t\t\t<div class=\"elementor-heading-title elementor-size-default\">Golf Club<\/div>\t\t\t\t<\/div>\n\t\t\t\t<\/div>\n\t\t\t\t<\/div>\n\t\t\t\t\t<\/div>\n\t\t\t\t<\/div>\n\t\t<div class=\"elementor-element elementor-element-be0f8bc elementor-hidden-mobile e-flex e-con-boxed e-con e-parent\" data-id=\"be0f8bc\" data-element_type=\"container\" data-settings=\"{&quot;background_background&quot;:&quot;classic&quot;}\">\n\t\t\t\t\t<div class=\"e-con-inner\">\n\t\t\t\t<div class=\"elementor-element elementor-element-4c2278c elementor-widget-divider--view-line elementor-widget elementor-widget-divider\" data-id=\"4c2278c\" data-element_type=\"widget\" data-widget_type=\"divider.default\">\n\t\t\t\t<div class=\"elementor-widget-container\">\n\t\t\t\t\t\t\t<div class=\"elementor-divider\">\n\t\t\t<span class=\"elementor-divider-separator\">\n\t\t\t\t\t\t<\/span>\n\t\t<\/div>\n\t\t\t\t\t\t<\/div>\n\t\t\t\t<\/div>\n\t\t\t\t\t<\/div>\n\t\t\t\t<\/div>\n\t\t<div class=\"elementor-element elementor-element-c9b32b1 e-con-full e-flex e-con e-parent\" data-id=\"c9b32b1\" data-element_type=\"container\" data-settings=\"{&quot;sticky&quot;:&quot;top&quot;,&quot;sticky_on&quot;:[&quot;desktop&quot;,&quot;tablet&quot;,&quot;mobile&quot;],&quot;sticky_offset&quot;:0,&quot;sticky_effects_offset&quot;:0,&quot;sticky_anchor_link_offset&quot;:0}\">\n\t\t\t\t<div class=\"elementor-element elementor-element-05c6c38 elementor-widget elementor-widget-template\" data-id=\"05c6c38\" data-element_type=\"widget\" data-widget_type=\"template.default\">\n\t\t\t\t<div class=\"elementor-widget-container\">\n\t\t\t\t\t\t\t<div class=\"elementor-template\">\n\t\t\t\t\t<div data-elementor-type=\"container\" data-elementor-id=\"1803\" class=\"elementor elementor-1803\" data-elementor-post-type=\"elementor_library\">\n\t\t\t\t<div class=\"elementor-element elementor-element-6a905803 e-con-full e-flex e-con e-parent\" data-id=\"6a905803\" data-element_type=\"container\" data-settings=\"{&quot;background_background&quot;:&quot;classic&quot;,&quot;sticky&quot;:&quot;top&quot;,&quot;sticky_on&quot;:[&quot;desktop&quot;,&quot;tablet&quot;,&quot;mobile&quot;],&quot;sticky_offset&quot;:0,&quot;sticky_effects_offset&quot;:0,&quot;sticky_anchor_link_offset&quot;:0}\">\n\t\t<div class=\"elementor-element elementor-element-77f9c7c8 e-con-full e-flex e-con e-child\" data-id=\"77f9c7c8\" data-element_type=\"container\">\n\t\t\t\t<div class=\"elementor-element elementor-element-d6c7965 elementor-view-default elementor-widget elementor-widget-icon\" data-id=\"d6c7965\" data-element_type=\"widget\" data-widget_type=\"icon.default\">\n\t\t\t\t<div class=\"elementor-widget-container\">\n\t\t\t\t\t\t\t<div class=\"elementor-icon-wrapper\">\n\t\t\t<a class=\"elementor-icon\" href=\"#elementor-action%3Aaction%3Dpopup%3Aopen%26settings%3DeyJpZCI6IjExODciLCJ0b2dnbGUiOmZhbHNlfQ%3D%3D\">\n\t\t\t<i aria-hidden=\"true\" class=\"icon icon-icon-buregerm\"><\/i>\t\t\t<\/a>\n\t\t<\/div>\n\t\t\t\t\t\t<\/div>\n\t\t\t\t<\/div>\n\t\t\t\t<\/div>\n\t\t<div class=\"elementor-element elementor-element-10c78e66 e-con-full elementor-hidden-mobile e-flex e-con e-child\" data-id=\"10c78e66\" data-element_type=\"container\">\n\t\t\t\t<div class=\"elementor-element elementor-element-2e4e2b80 elementor-widget elementor-widget-heading\" data-id=\"2e4e2b80\" data-element_type=\"widget\" data-widget_type=\"heading.default\">\n\t\t\t\t<div class=\"elementor-widget-container\">\n\t\t\t\t\t<div class=\"elementor-heading-title elementor-size-default\"><a href=\"https:\/\/www.domainedeletabliere.com\/en\">Domaine de <strong>l'\u00c9tabli\u00e8re<\/strong><\/a><\/div>\t\t\t\t<\/div>\n\t\t\t\t<\/div>\n\t\t\t\t<\/div>\n\t\t<div class=\"elementor-element elementor-element-4ebd2e40 e-con-full e-flex e-con e-child\" data-id=\"4ebd2e40\" data-element_type=\"container\">\n\t\t\t\t<div class=\"elementor-element elementor-element-70cf793 btn-resa elementor-widget elementor-widget-button\" data-id=\"70cf793\" data-element_type=\"widget\" data-widget_type=\"button.default\">\n\t\t\t\t<div class=\"elementor-widget-container\">\n\t\t\t\t\t\t\t\t\t<div class=\"elementor-button-wrapper\">\n\t\t\t\t\t<a class=\"elementor-button elementor-button-link elementor-size-sm\" href=\"#elementor-action%3Aaction%3Dpopup%3Aopen%26settings%3DeyJpZCI6IjEzMzciLCJ0b2dnbGUiOmZhbHNlfQ%3D%3D\">\n\t\t\t\t\t\t<span class=\"elementor-button-content-wrapper\">\n\t\t\t\t\t\t<span class=\"elementor-button-icon\">\n\t\t\t\t<i aria-hidden=\"true\" class=\"icon icon-Group-1\"><\/i>\t\t\t<\/span>\n\t\t\t\t\t\t\t\t\t<span class=\"elementor-button-text\">Book<\/span>\n\t\t\t\t\t<\/span>\n\t\t\t\t\t<\/a>\n\t\t\t\t<\/div>\n\t\t\t\t\t\t\t\t<\/div>\n\t\t\t\t<\/div>\n\t\t\t\t<\/div>\n\t\t\t\t<\/div>\n\t\t\t\t<\/div>\n\t\t\t\t<\/div>\n\t\t\t\t\t\t<\/div>\n\t\t\t\t<\/div>\n\t\t\t\t<\/div>\n\t\t<div class=\"elementor-element elementor-element-f98e1d1 e-flex e-con-boxed e-con e-parent\" data-id=\"f98e1d1\" data-element_type=\"container\">\n\t\t\t\t\t<div class=\"e-con-inner\">\n\t\t<div class=\"elementor-element elementor-element-55acebb e-con-full e-flex e-con e-child\" data-id=\"55acebb\" data-element_type=\"container\">\n\t\t\t\t<div class=\"elementor-element elementor-element-c4d702d elementor-widget elementor-widget-image\" data-id=\"c4d702d\" data-element_type=\"widget\" data-widget_type=\"image.default\">\n\t\t\t\t<div class=\"elementor-widget-container\">\n\t\t\t\t\t\t\t\t\t\t\t\t\t\t\t<img fetchpriority=\"high\" decoding=\"async\" width=\"800\" height=\"800\" src=\"https:\/\/www.domainedeletabliere.com\/wp-content\/uploads\/2026\/01\/bourgenay-golf-club-2-1024x1024.jpg\" class=\"attachment-large size-large wp-image-4265\" alt=\"\" srcset=\"https:\/\/www.domainedeletabliere.com\/wp-content\/uploads\/2026\/01\/bourgenay-golf-club-2-1024x1024.jpg 1024w, https:\/\/www.domainedeletabliere.com\/wp-content\/uploads\/2026\/01\/bourgenay-golf-club-2-300x300.jpg 300w, https:\/\/www.domainedeletabliere.com\/wp-content\/uploads\/2026\/01\/bourgenay-golf-club-2-150x150.jpg 150w, https:\/\/www.domainedeletabliere.com\/wp-content\/uploads\/2026\/01\/bourgenay-golf-club-2-768x768.jpg 768w, https:\/\/www.domainedeletabliere.com\/wp-content\/uploads\/2026\/01\/bourgenay-golf-club-2-12x12.jpg 12w, https:\/\/www.domainedeletabliere.com\/wp-content\/uploads\/2026\/01\/bourgenay-golf-club-2.jpg 1500w\" sizes=\"(max-width: 800px) 100vw, 800px\" title=\"\">\t\t\t\t\t\t\t\t\t\t\t\t\t\t\t<\/div>\n\t\t\t\t<\/div>\n\t\t\t\t<\/div>\n\t\t<div class=\"elementor-element elementor-element-4d98adb e-con-full e-flex e-con e-child\" data-id=\"4d98adb\" data-element_type=\"container\">\n\t\t<div class=\"elementor-element elementor-element-3c5b276 conteneur-fit e-con-full e-flex e-con e-child\" data-id=\"3c5b276\" data-element_type=\"container\">\n\t\t\t\t<div class=\"elementor-element elementor-element-cb36d97 elementor-widget elementor-widget-heading\" data-id=\"cb36d97\" data-element_type=\"widget\" data-widget_type=\"heading.default\">\n\t\t\t\t<div class=\"elementor-widget-container\">\n\t\t\t\t\t<h2 class=\"elementor-heading-title elementor-size-default\">An exceptional career <\/h2>\t\t\t\t<\/div>\n\t\t\t\t<\/div>\n\t\t\t\t<div class=\"elementor-element elementor-element-2b7d5fb elementor-widget elementor-widget-heading\" data-id=\"2b7d5fb\" data-element_type=\"widget\" data-widget_type=\"heading.default\">\n\t\t\t\t<div class=\"elementor-widget-container\">\n\t\t\t\t\t<h2 class=\"elementor-heading-title elementor-size-default\">in the Vend\u00e9e<\/h2>\t\t\t\t<\/div>\n\t\t\t\t<\/div>\n\t\t\t\t<div class=\"elementor-element elementor-element-82c554c elementor-widget__width-initial elementor-widget elementor-widget-text-editor\" data-id=\"82c554c\" data-element_type=\"widget\" data-widget_type=\"text-editor.default\">\n\t\t\t\t<div class=\"elementor-widget-container\">\n\t\t\t\t\t\t\t\t\t<p>Just a few minutes from the Domaine de l'\u00c9TABLI\u00c8RE, the Bourgenay Golf Club has become a benchmark for golf enthusiasts. Its 18-hole course, set among pine trees, lakes and natural features, offers a welcome technical challenge in a well-kept and peaceful environment.<\/p>\t\t\t\t\t\t\t\t<\/div>\n\t\t\t\t<\/div>\n\t\t\t\t<\/div>\n\t\t\t\t<\/div>\n\t\t\t\t\t<\/div>\n\t\t\t\t<\/div>\n\t\t<div class=\"elementor-element elementor-element-fd1ec6d e-flex e-con-boxed e-con e-parent\" data-id=\"fd1ec6d\" data-element_type=\"container\">\n\t\t\t\t\t<div class=\"e-con-inner\">\n\t\t<div class=\"elementor-element elementor-element-5597e97 e-con-full e-flex e-con e-child\" data-id=\"5597e97\" data-element_type=\"container\">\n\t\t<div class=\"elementor-element elementor-element-1db27b6 conteneur-fit e-con-full e-flex e-con e-child\" data-id=\"1db27b6\" data-element_type=\"container\">\n\t\t\t\t<div class=\"elementor-element elementor-element-5feece2 elementor-widget elementor-widget-heading\" data-id=\"5feece2\" data-element_type=\"widget\" data-widget_type=\"heading.default\">\n\t\t\t\t<div class=\"elementor-widget-container\">\n\t\t\t\t\t<h2 class=\"elementor-heading-title elementor-size-default\">Golf, nature <\/h2>\t\t\t\t<\/div>\n\t\t\t\t<\/div>\n\t\t\t\t<div class=\"elementor-element elementor-element-4dfe6a1 elementor-widget elementor-widget-heading\" data-id=\"4dfe6a1\" data-element_type=\"widget\" data-widget_type=\"heading.default\">\n\t\t\t\t<div class=\"elementor-widget-container\">\n\t\t\t\t\t<h2 class=\"elementor-heading-title elementor-size-default\">and art of living<\/h2>\t\t\t\t<\/div>\n\t\t\t\t<\/div>\n\t\t\t\t<div class=\"elementor-element elementor-element-7b0aecd elementor-widget__width-initial elementor-widget elementor-widget-text-editor\" data-id=\"7b0aecd\" data-element_type=\"widget\" data-widget_type=\"text-editor.default\">\n\t\t\t\t<div class=\"elementor-widget-container\">\n\t\t\t\t\t\t\t\t\t<p>Playing at Bourgenay Golf Club combines sport and pleasure for the senses. The views over the ocean, the quality of the facilities and the hushed atmosphere of the site make it a complete experience. Ideal for a sporting interlude or a moment of elegant relaxation, golf is perfectly in tune with the art of living in Vend\u00e9e.<\/p>\t\t\t\t\t\t\t\t<\/div>\n\t\t\t\t<\/div>\n\t\t\t\t<div class=\"elementor-element elementor-element-dde655d elementor-hidden-mobile elementor-widget elementor-widget-image\" data-id=\"dde655d\" data-element_type=\"widget\" data-widget_type=\"image.default\">\n\t\t\t\t<div class=\"elementor-widget-container\">\n\t\t\t\t\t\t\t\t\t\t\t\t\t\t\t<img decoding=\"async\" width=\"800\" height=\"600\" src=\"https:\/\/www.domainedeletabliere.com\/wp-content\/uploads\/2026\/01\/bourgenay-golf-club-1-1024x768.jpg\" class=\"attachment-large size-large wp-image-4264\" alt=\"\" srcset=\"https:\/\/www.domainedeletabliere.com\/wp-content\/uploads\/2026\/01\/bourgenay-golf-club-1-1024x768.jpg 1024w, https:\/\/www.domainedeletabliere.com\/wp-content\/uploads\/2026\/01\/bourgenay-golf-club-1-300x225.jpg 300w, https:\/\/www.domainedeletabliere.com\/wp-content\/uploads\/2026\/01\/bourgenay-golf-club-1-768x576.jpg 768w, https:\/\/www.domainedeletabliere.com\/wp-content\/uploads\/2026\/01\/bourgenay-golf-club-1-1536x1152.jpg 1536w, https:\/\/www.domainedeletabliere.com\/wp-content\/uploads\/2026\/01\/bourgenay-golf-club-1-16x12.jpg 16w, https:\/\/www.domainedeletabliere.com\/wp-content\/uploads\/2026\/01\/bourgenay-golf-club-1.jpg 1600w\" sizes=\"(max-width: 800px) 100vw, 800px\" title=\"\">\t\t\t\t\t\t\t\t\t\t\t\t\t\t\t<\/div>\n\t\t\t\t<\/div>\n\t\t\t\t<\/div>\n\t\t\t\t<\/div>\n\t\t<div class=\"elementor-element elementor-element-b9bff83 e-con-full e-flex e-con e-child\" data-id=\"b9bff83\" data-element_type=\"container\">\n\t\t\t\t<div class=\"elementor-element elementor-element-54e4406 elementor-widget elementor-widget-image\" data-id=\"54e4406\" data-element_type=\"widget\" data-widget_type=\"image.default\">\n\t\t\t\t<div class=\"elementor-widget-container\">\n\t\t\t\t\t\t\t\t\t\t\t\t\t\t\t<img decoding=\"async\" width=\"800\" height=\"857\" src=\"https:\/\/www.domainedeletabliere.com\/wp-content\/uploads\/2026\/01\/bourgenay-golf-club-956x1024.webp\" class=\"attachment-large size-large wp-image-4242\" alt=\"\" srcset=\"https:\/\/www.domainedeletabliere.com\/wp-content\/uploads\/2026\/01\/bourgenay-golf-club-956x1024.webp 956w, https:\/\/www.domainedeletabliere.com\/wp-content\/uploads\/2026\/01\/bourgenay-golf-club-280x300.webp 280w, https:\/\/www.domainedeletabliere.com\/wp-content\/uploads\/2026\/01\/bourgenay-golf-club-768x823.webp 768w, https:\/\/www.domainedeletabliere.com\/wp-content\/uploads\/2026\/01\/bourgenay-golf-club-11x12.webp 11w, https:\/\/www.domainedeletabliere.com\/wp-content\/uploads\/2026\/01\/bourgenay-golf-club.webp 1400w\" sizes=\"(max-width: 800px) 100vw, 800px\" title=\"\">\t\t\t\t\t\t\t\t\t\t\t\t\t\t\t<\/div>\n\t\t\t\t<\/div>\n\t\t\t\t<\/div>\n\t\t\t\t<div class=\"elementor-element elementor-element-80c372d elementor-absolute elementor-widget elementor-widget-image\" data-id=\"80c372d\" data-element_type=\"widget\" data-settings=\"{&quot;_position&quot;:&quot;absolute&quot;}\" data-widget_type=\"image.default\">\n\t\t\t\t<div class=\"elementor-widget-container\">\n\t\t\t\t\t\t\t\t\t\t\t\t\t\t\t<img loading=\"lazy\" decoding=\"async\" width=\"800\" height=\"780\" src=\"https:\/\/www.domainedeletabliere.com\/wp-content\/uploads\/2025\/12\/tache-6.png\" class=\"attachment-large size-large wp-image-1544\" alt=\"\" srcset=\"https:\/\/www.domainedeletabliere.com\/wp-content\/uploads\/2025\/12\/tache-6.png 862w, https:\/\/www.domainedeletabliere.com\/wp-content\/uploads\/2025\/12\/tache-6-300x292.png 300w, https:\/\/www.domainedeletabliere.com\/wp-content\/uploads\/2025\/12\/tache-6-768x748.png 768w, https:\/\/www.domainedeletabliere.com\/wp-content\/uploads\/2025\/12\/tache-6-12x12.png 12w\" sizes=\"(max-width: 800px) 100vw, 800px\" title=\"\">\t\t\t\t\t\t\t\t\t\t\t\t\t\t\t<\/div>\n\t\t\t\t<\/div>\n\t\t\t\t\t<\/div>\n\t\t\t\t<\/div>\n\t\t<div class=\"elementor-element elementor-element-00a6a9b e-flex e-con-boxed e-con e-parent\" data-id=\"00a6a9b\" data-element_type=\"container\">\n\t\t\t\t\t<div class=\"e-con-inner\">\n\t\t<div class=\"elementor-element elementor-element-160d769 e-con-full e-flex e-con e-child\" data-id=\"160d769\" data-element_type=\"container\">\n\t\t\t\t<div class=\"elementor-element elementor-element-ca79a1b elementor-widget elementor-widget-button\" data-id=\"ca79a1b\" data-element_type=\"widget\" data-widget_type=\"button.default\">\n\t\t\t\t<div class=\"elementor-widget-container\">\n\t\t\t\t\t\t\t\t\t<div class=\"elementor-button-wrapper\">\n\t\t\t\t\t<a class=\"elementor-button elementor-button-link elementor-size-sm\" href=\"https:\/\/www.domainedeletabliere.com\/en\/the-surrounding-area\/les-sables-d-olonne\/\">\n\t\t\t\t\t\t<span class=\"elementor-button-content-wrapper\">\n\t\t\t\t\t\t<span class=\"elementor-button-icon\">\n\t\t\t\t<i aria-hidden=\"true\" class=\"eliofont eliofont-arrow-left\"><\/i>\t\t\t<\/span>\n\t\t\t\t\t\t\t\t\t<span class=\"elementor-button-text\">Previous destination<\/span>\n\t\t\t\t\t<\/span>\n\t\t\t\t\t<\/a>\n\t\t\t\t<\/div>\n\t\t\t\t\t\t\t\t<\/div>\n\t\t\t\t<\/div>\n\t\t\t\t<\/div>\n\t\t<div class=\"elementor-element elementor-element-06bcf7b e-con-full e-flex e-con e-child\" data-id=\"06bcf7b\" data-element_type=\"container\">\n\t\t\t\t<div class=\"elementor-element elementor-element-ca8bce0 elementor-widget elementor-widget-button\" data-id=\"ca8bce0\" data-element_type=\"widget\" data-widget_type=\"button.default\">\n\t\t\t\t<div class=\"elementor-widget-container\">\n\t\t\t\t\t\t\t\t\t<div class=\"elementor-button-wrapper\">\n\t\t\t\t\t<a class=\"elementor-button elementor-button-link elementor-size-sm\" href=\"https:\/\/www.domainedeletabliere.com\/en\/the-surrounding-area\/talmont-saint-hilaire\/\">\n\t\t\t\t\t\t<span class=\"elementor-button-content-wrapper\">\n\t\t\t\t\t\t<span class=\"elementor-button-icon\">\n\t\t\t\t<i aria-hidden=\"true\" class=\"eliofont eliofont-arrow-right\"><\/i>\t\t\t<\/span>\n\t\t\t\t\t\t\t\t\t<span class=\"elementor-button-text\">Next destination<\/span>\n\t\t\t\t\t<\/span>\n\t\t\t\t\t<\/a>\n\t\t\t\t<\/div>\n\t\t\t\t\t\t\t\t<\/div>\n\t\t\t\t<\/div>\n\t\t\t\t<\/div>\n\t\t\t\t\t<\/div>\n\t\t\t\t<\/div>\n\t\t\t\t<\/div>","protected":false},"excerpt":{"rendered":"<p>Bourgenay Golf Club, l&rsquo;\u00e9l\u00e9gance sportive Bourgenay Golf Club Un parcours d\u2019exception en Vend\u00e9e \u00c0 quelques minutes du Domaine de l\u2019\u00c9TABLI\u00c8RE, le Bourgenay Golf Club s\u2019impose comme une r\u00e9f\u00e9rence pour les amateurs de golf. Son parcours 18 trous, dessin\u00e9 entre pins, plans d\u2019eau et reliefs naturels, offre un d\u00e9fi technique appr\u00e9ci\u00e9, dans un environnement soign\u00e9 et [&hellip;]<\/p>","protected":false},"author":5,"featured_media":0,"parent":166,"menu_order":0,"comment_status":"closed","ping_status":"closed","template":"","meta":{"_acf_changed":false,"inline_featured_image":false,"footnotes":""},"class_list":["post-2606","page","type-page","status-publish","hentry"],"acf":[],"_links":{"self":[{"href":"https:\/\/www.domainedeletabliere.com\/en\/wp-json\/wp\/v2\/pages\/2606","targetHints":{"allow":["GET"]}}],"collection":[{"href":"https:\/\/www.domainedeletabliere.com\/en\/wp-json\/wp\/v2\/pages"}],"about":[{"href":"https:\/\/www.domainedeletabliere.com\/en\/wp-json\/wp\/v2\/types\/page"}],"author":[{"embeddable":true,"href":"https:\/\/www.domainedeletabliere.com\/en\/wp-json\/wp\/v2\/users\/5"}],"replies":[{"embeddable":true,"href":"https:\/\/www.domainedeletabliere.com\/en\/wp-json\/wp\/v2\/comments?post=2606"}],"version-history":[{"count":32,"href":"https:\/\/www.domainedeletabliere.com\/en\/wp-json\/wp\/v2\/pages\/2606\/revisions"}],"predecessor-version":[{"id":5107,"href":"https:\/\/www.domainedeletabliere.com\/en\/wp-json\/wp\/v2\/pages\/2606\/revisions\/5107"}],"up":[{"embeddable":true,"href":"https:\/\/www.domainedeletabliere.com\/en\/wp-json\/wp\/v2\/pages\/166"}],"wp:attachment":[{"href":"https:\/\/www.domainedeletabliere.com\/en\/wp-json\/wp\/v2\/media?parent=2606"}],"curies":[{"name":"wp","href":"https:\/\/api.w.org\/{rel}","templated":true}]}}