{"id":2608,"date":"2025-12-29T13:07:47","date_gmt":"2025-12-29T12:07:47","guid":{"rendered":"https:\/\/www.domainedeletabliere.com\/?page_id=2608"},"modified":"2026-02-12T17:55:37","modified_gmt":"2026-02-12T16:55:37","slug":"talmont-saint-hilaire","status":"publish","type":"page","link":"https:\/\/www.domainedeletabliere.com\/en\/the-surrounding-area\/talmont-saint-hilaire\/","title":{"rendered":"Talmont Saint Hilaire"},"content":{"rendered":"<div data-elementor-type=\"wp-page\" data-elementor-id=\"2608\" class=\"elementor elementor-2608\" data-elementor-post-type=\"page\">\n\t\t\t\t<div class=\"elementor-element elementor-element-cd7356a e-flex e-con-boxed e-con e-parent\" data-id=\"cd7356a\" data-element_type=\"container\" data-settings=\"{&quot;background_background&quot;:&quot;classic&quot;}\">\n\t\t\t\t\t<div class=\"e-con-inner\">\n\t\t\t\t<div class=\"elementor-element elementor-element-009b321 elementor-widget elementor-widget-heading\" data-id=\"009b321\" data-element_type=\"widget\" data-widget_type=\"heading.default\">\n\t\t\t\t<div class=\"elementor-widget-container\">\n\t\t\t\t\t<h1 class=\"elementor-heading-title elementor-size-default\">Talmont-Saint-Hilaire, between land and sea<\/h1>\t\t\t\t<\/div>\n\t\t\t\t<\/div>\n\t\t<div class=\"elementor-element elementor-element-c4b3c3b e-con-full conteneur-fit e-flex e-con e-child\" data-id=\"c4b3c3b\" data-element_type=\"container\">\n\t\t\t\t<div class=\"elementor-element elementor-element-e208c84 elementor-widget elementor-widget-heading\" data-id=\"e208c84\" data-element_type=\"widget\" data-widget_type=\"heading.default\">\n\t\t\t\t<div class=\"elementor-widget-container\">\n\t\t\t\t\t<div class=\"elementor-heading-title elementor-size-default\">Talmont<\/div>\t\t\t\t<\/div>\n\t\t\t\t<\/div>\n\t\t\t\t<div class=\"elementor-element elementor-element-1486a1e elementor-widget elementor-widget-heading\" data-id=\"1486a1e\" data-element_type=\"widget\" data-widget_type=\"heading.default\">\n\t\t\t\t<div class=\"elementor-widget-container\">\n\t\t\t\t\t<div class=\"elementor-heading-title elementor-size-default\">Saint-Hilaire<\/div>\t\t\t\t<\/div>\n\t\t\t\t<\/div>\n\t\t\t\t<\/div>\n\t\t\t\t\t<\/div>\n\t\t\t\t<\/div>\n\t\t<div class=\"elementor-element elementor-element-2fe2a8e elementor-hidden-mobile e-flex e-con-boxed e-con e-parent\" data-id=\"2fe2a8e\" data-element_type=\"container\" data-settings=\"{&quot;background_background&quot;:&quot;classic&quot;}\">\n\t\t\t\t\t<div class=\"e-con-inner\">\n\t\t\t\t<div class=\"elementor-element elementor-element-453e5a4 elementor-widget-divider--view-line elementor-widget elementor-widget-divider\" data-id=\"453e5a4\" data-element_type=\"widget\" data-widget_type=\"divider.default\">\n\t\t\t\t<div class=\"elementor-widget-container\">\n\t\t\t\t\t\t\t<div class=\"elementor-divider\">\n\t\t\t<span class=\"elementor-divider-separator\">\n\t\t\t\t\t\t<\/span>\n\t\t<\/div>\n\t\t\t\t\t\t<\/div>\n\t\t\t\t<\/div>\n\t\t\t\t\t<\/div>\n\t\t\t\t<\/div>\n\t\t<div class=\"elementor-element elementor-element-bd09e0a e-con-full e-flex e-con e-parent\" data-id=\"bd09e0a\" data-element_type=\"container\" data-settings=\"{&quot;sticky&quot;:&quot;top&quot;,&quot;sticky_on&quot;:[&quot;desktop&quot;,&quot;tablet&quot;,&quot;mobile&quot;],&quot;sticky_offset&quot;:0,&quot;sticky_effects_offset&quot;:0,&quot;sticky_anchor_link_offset&quot;:0}\">\n\t\t\t\t<div class=\"elementor-element elementor-element-420e90a elementor-widget elementor-widget-template\" data-id=\"420e90a\" data-element_type=\"widget\" data-widget_type=\"template.default\">\n\t\t\t\t<div class=\"elementor-widget-container\">\n\t\t\t\t\t\t\t<div class=\"elementor-template\">\n\t\t\t\t\t<div data-elementor-type=\"container\" data-elementor-id=\"1803\" class=\"elementor elementor-1803\" data-elementor-post-type=\"elementor_library\">\n\t\t\t\t<div class=\"elementor-element elementor-element-6a905803 e-con-full e-flex e-con e-parent\" data-id=\"6a905803\" data-element_type=\"container\" data-settings=\"{&quot;background_background&quot;:&quot;classic&quot;,&quot;sticky&quot;:&quot;top&quot;,&quot;sticky_on&quot;:[&quot;desktop&quot;,&quot;tablet&quot;,&quot;mobile&quot;],&quot;sticky_offset&quot;:0,&quot;sticky_effects_offset&quot;:0,&quot;sticky_anchor_link_offset&quot;:0}\">\n\t\t<div class=\"elementor-element elementor-element-77f9c7c8 e-con-full e-flex e-con e-child\" data-id=\"77f9c7c8\" data-element_type=\"container\">\n\t\t\t\t<div class=\"elementor-element elementor-element-d6c7965 elementor-view-default elementor-widget elementor-widget-icon\" data-id=\"d6c7965\" data-element_type=\"widget\" data-widget_type=\"icon.default\">\n\t\t\t\t<div class=\"elementor-widget-container\">\n\t\t\t\t\t\t\t<div class=\"elementor-icon-wrapper\">\n\t\t\t<a class=\"elementor-icon\" href=\"#elementor-action%3Aaction%3Dpopup%3Aopen%26settings%3DeyJpZCI6IjExODciLCJ0b2dnbGUiOmZhbHNlfQ%3D%3D\">\n\t\t\t<i aria-hidden=\"true\" class=\"icon icon-icon-buregerm\"><\/i>\t\t\t<\/a>\n\t\t<\/div>\n\t\t\t\t\t\t<\/div>\n\t\t\t\t<\/div>\n\t\t\t\t<\/div>\n\t\t<div class=\"elementor-element elementor-element-10c78e66 e-con-full elementor-hidden-mobile e-flex e-con e-child\" data-id=\"10c78e66\" data-element_type=\"container\">\n\t\t\t\t<div class=\"elementor-element elementor-element-2e4e2b80 elementor-widget elementor-widget-heading\" data-id=\"2e4e2b80\" data-element_type=\"widget\" data-widget_type=\"heading.default\">\n\t\t\t\t<div class=\"elementor-widget-container\">\n\t\t\t\t\t<div class=\"elementor-heading-title elementor-size-default\"><a href=\"https:\/\/www.domainedeletabliere.com\/en\">Domaine de <strong>l'\u00c9tabli\u00e8re<\/strong><\/a><\/div>\t\t\t\t<\/div>\n\t\t\t\t<\/div>\n\t\t\t\t<\/div>\n\t\t<div class=\"elementor-element elementor-element-4ebd2e40 e-con-full e-flex e-con e-child\" data-id=\"4ebd2e40\" data-element_type=\"container\">\n\t\t\t\t<div class=\"elementor-element elementor-element-70cf793 btn-resa elementor-widget elementor-widget-button\" data-id=\"70cf793\" data-element_type=\"widget\" data-widget_type=\"button.default\">\n\t\t\t\t<div class=\"elementor-widget-container\">\n\t\t\t\t\t\t\t\t\t<div class=\"elementor-button-wrapper\">\n\t\t\t\t\t<a class=\"elementor-button elementor-button-link elementor-size-sm\" href=\"#elementor-action%3Aaction%3Dpopup%3Aopen%26settings%3DeyJpZCI6IjEzMzciLCJ0b2dnbGUiOmZhbHNlfQ%3D%3D\">\n\t\t\t\t\t\t<span class=\"elementor-button-content-wrapper\">\n\t\t\t\t\t\t<span class=\"elementor-button-icon\">\n\t\t\t\t<i aria-hidden=\"true\" class=\"icon icon-Group-1\"><\/i>\t\t\t<\/span>\n\t\t\t\t\t\t\t\t\t<span class=\"elementor-button-text\">Book<\/span>\n\t\t\t\t\t<\/span>\n\t\t\t\t\t<\/a>\n\t\t\t\t<\/div>\n\t\t\t\t\t\t\t\t<\/div>\n\t\t\t\t<\/div>\n\t\t\t\t<\/div>\n\t\t\t\t<\/div>\n\t\t\t\t<\/div>\n\t\t\t\t<\/div>\n\t\t\t\t\t\t<\/div>\n\t\t\t\t<\/div>\n\t\t\t\t<\/div>\n\t\t<div class=\"elementor-element elementor-element-7eb8c9a e-flex e-con-boxed e-con e-parent\" data-id=\"7eb8c9a\" data-element_type=\"container\">\n\t\t\t\t\t<div class=\"e-con-inner\">\n\t\t<div class=\"elementor-element elementor-element-3b138f5 e-con-full e-flex e-con e-child\" data-id=\"3b138f5\" data-element_type=\"container\">\n\t\t\t\t<div class=\"elementor-element elementor-element-48041e1 elementor-widget elementor-widget-image\" data-id=\"48041e1\" data-element_type=\"widget\" data-widget_type=\"image.default\">\n\t\t\t\t<div class=\"elementor-widget-container\">\n\t\t\t\t\t\t\t\t\t\t\t\t\t\t\t<img decoding=\"async\" src=\"https:\/\/www.domainedeletabliere.com\/wp-content\/uploads\/2026\/01\/talmont-saint-hilaire-plage-du-veillon.jpg\" title=\"\" alt=\"\" loading=\"lazy\">\t\t\t\t\t\t\t\t\t\t\t\t\t\t\t<\/div>\n\t\t\t\t<\/div>\n\t\t\t\t<\/div>\n\t\t<div class=\"elementor-element elementor-element-131866c e-con-full e-flex e-con e-child\" data-id=\"131866c\" data-element_type=\"container\">\n\t\t<div class=\"elementor-element elementor-element-b8c979c conteneur-fit e-con-full e-flex e-con e-child\" data-id=\"b8c979c\" data-element_type=\"container\">\n\t\t\t\t<div class=\"elementor-element elementor-element-33d6373 elementor-widget elementor-widget-heading\" data-id=\"33d6373\" data-element_type=\"widget\" data-widget_type=\"heading.default\">\n\t\t\t\t<div class=\"elementor-widget-container\">\n\t\t\t\t\t<h2 class=\"elementor-heading-title elementor-size-default\">A village with character <\/h2>\t\t\t\t<\/div>\n\t\t\t\t<\/div>\n\t\t\t\t<div class=\"elementor-element elementor-element-6b72c1c elementor-widget elementor-widget-heading\" data-id=\"6b72c1c\" data-element_type=\"widget\" data-widget_type=\"heading.default\">\n\t\t\t\t<div class=\"elementor-widget-container\">\n\t\t\t\t\t<h2 class=\"elementor-heading-title elementor-size-default\">in the Vend\u00e9e<\/h2>\t\t\t\t<\/div>\n\t\t\t\t<\/div>\n\t\t\t\t<div class=\"elementor-element elementor-element-b69adbd elementor-widget__width-initial elementor-widget elementor-widget-text-editor\" data-id=\"b69adbd\" data-element_type=\"widget\" data-widget_type=\"text-editor.default\">\n\t\t\t\t<div class=\"elementor-widget-container\">\n\t\t\t\t\t\t\t\t\t<p>Just a few minutes from the Domaine de l'\u00c9TABLI\u00c8RE, Talmont-Saint-Hilaire offers an authentic way of life, a blend of heritage and unspoilt nature. Dominated by its medieval castle, the village invites you to stroll through its narrow streets steeped in history. Here, time seems to stand still, offering a peaceful interlude ideal for soaking up the soul of the Vend\u00e9e.<\/p>\t\t\t\t\t\t\t\t<\/div>\n\t\t\t\t<\/div>\n\t\t\t\t<\/div>\n\t\t\t\t<\/div>\n\t\t\t\t\t<\/div>\n\t\t\t\t<\/div>\n\t\t<div class=\"elementor-element elementor-element-10d533d e-flex e-con-boxed e-con e-parent\" data-id=\"10d533d\" data-element_type=\"container\">\n\t\t\t\t\t<div class=\"e-con-inner\">\n\t\t<div class=\"elementor-element elementor-element-c375933 e-con-full e-flex e-con e-child\" data-id=\"c375933\" data-element_type=\"container\">\n\t\t<div class=\"elementor-element elementor-element-e126a26 conteneur-fit e-con-full e-flex e-con e-child\" data-id=\"e126a26\" data-element_type=\"container\">\n\t\t\t\t<div class=\"elementor-element elementor-element-372e162 elementor-widget elementor-widget-heading\" data-id=\"372e162\" data-element_type=\"widget\" data-widget_type=\"heading.default\">\n\t\t\t\t<div class=\"elementor-widget-container\">\n\t\t\t\t\t<h2 class=\"elementor-heading-title elementor-size-default\">Wild nature <\/h2>\t\t\t\t<\/div>\n\t\t\t\t<\/div>\n\t\t\t\t<div class=\"elementor-element elementor-element-5b8e911 elementor-widget elementor-widget-heading\" data-id=\"5b8e911\" data-element_type=\"widget\" data-widget_type=\"heading.default\">\n\t\t\t\t<div class=\"elementor-widget-container\">\n\t\t\t\t\t<h2 class=\"elementor-heading-title elementor-size-default\">and marine horizons<\/h2>\t\t\t\t<\/div>\n\t\t\t\t<\/div>\n\t\t\t\t<div class=\"elementor-element elementor-element-30c2c6b elementor-widget__width-initial elementor-widget elementor-widget-text-editor\" data-id=\"30c2c6b\" data-element_type=\"widget\" data-widget_type=\"text-editor.default\">\n\t\t\t\t<div class=\"elementor-widget-container\">\n\t\t\t\t\t\t\t\t\t<p>Talmont-Saint-Hilaire also has a wealth of landscapes to offer. The Payr\u00e9 estuary, classified as a Grand Site de France, runs alongside the Veillon beach, a natural jewel between the dunes and the ocean. Stroll, swim or contemplate, each moment is lived to the rhythm of the tides, in a raw and inspiring setting, conducive to escape.<\/p>\t\t\t\t\t\t\t\t<\/div>\n\t\t\t\t<\/div>\n\t\t\t\t<div class=\"elementor-element elementor-element-f477813 elementor-hidden-mobile elementor-widget elementor-widget-image\" data-id=\"f477813\" data-element_type=\"widget\" data-widget_type=\"image.default\">\n\t\t\t\t<div class=\"elementor-widget-container\">\n\t\t\t\t\t\t\t\t\t\t\t\t\t\t\t<img fetchpriority=\"high\" decoding=\"async\" width=\"800\" height=\"534\" src=\"https:\/\/www.domainedeletabliere.com\/wp-content\/uploads\/2026\/01\/talmont-saint-hilaire-1-1024x683.jpg\" class=\"attachment-large size-large wp-image-4205\" alt=\"\" srcset=\"https:\/\/www.domainedeletabliere.com\/wp-content\/uploads\/2026\/01\/talmont-saint-hilaire-1-1024x683.jpg 1024w, https:\/\/www.domainedeletabliere.com\/wp-content\/uploads\/2026\/01\/talmont-saint-hilaire-1-300x200.jpg 300w, https:\/\/www.domainedeletabliere.com\/wp-content\/uploads\/2026\/01\/talmont-saint-hilaire-1-768x512.jpg 768w, https:\/\/www.domainedeletabliere.com\/wp-content\/uploads\/2026\/01\/talmont-saint-hilaire-1-1536x1024.jpg 1536w, https:\/\/www.domainedeletabliere.com\/wp-content\/uploads\/2026\/01\/talmont-saint-hilaire-1-2048x1365.jpg 2048w, https:\/\/www.domainedeletabliere.com\/wp-content\/uploads\/2026\/01\/talmont-saint-hilaire-1-18x12.jpg 18w\" sizes=\"(max-width: 800px) 100vw, 800px\" title=\"\">\t\t\t\t\t\t\t\t\t\t\t\t\t\t\t<\/div>\n\t\t\t\t<\/div>\n\t\t\t\t<\/div>\n\t\t\t\t<\/div>\n\t\t<div class=\"elementor-element elementor-element-7c50f97 e-con-full e-flex e-con e-child\" data-id=\"7c50f97\" data-element_type=\"container\">\n\t\t\t\t<div class=\"elementor-element elementor-element-8bc84c0 elementor-widget elementor-widget-image\" data-id=\"8bc84c0\" data-element_type=\"widget\" data-widget_type=\"image.default\">\n\t\t\t\t<div class=\"elementor-widget-container\">\n\t\t\t\t\t\t\t\t\t\t\t\t\t\t\t<img decoding=\"async\" src=\"https:\/\/www.domainedeletabliere.com\/wp-content\/uploads\/2026\/01\/talmont-saint-hilaire.jpg\" title=\"\" alt=\"\" loading=\"lazy\">\t\t\t\t\t\t\t\t\t\t\t\t\t\t\t<\/div>\n\t\t\t\t<\/div>\n\t\t\t\t<\/div>\n\t\t\t\t<div class=\"elementor-element elementor-element-01aa4de elementor-absolute elementor-widget elementor-widget-image\" data-id=\"01aa4de\" data-element_type=\"widget\" data-settings=\"{&quot;_position&quot;:&quot;absolute&quot;}\" data-widget_type=\"image.default\">\n\t\t\t\t<div class=\"elementor-widget-container\">\n\t\t\t\t\t\t\t\t\t\t\t\t\t\t\t<img decoding=\"async\" width=\"800\" height=\"780\" src=\"https:\/\/www.domainedeletabliere.com\/wp-content\/uploads\/2025\/12\/tache-6.png\" class=\"attachment-large size-large wp-image-1544\" alt=\"\" srcset=\"https:\/\/www.domainedeletabliere.com\/wp-content\/uploads\/2025\/12\/tache-6.png 862w, https:\/\/www.domainedeletabliere.com\/wp-content\/uploads\/2025\/12\/tache-6-300x292.png 300w, https:\/\/www.domainedeletabliere.com\/wp-content\/uploads\/2025\/12\/tache-6-768x748.png 768w, https:\/\/www.domainedeletabliere.com\/wp-content\/uploads\/2025\/12\/tache-6-12x12.png 12w\" sizes=\"(max-width: 800px) 100vw, 800px\" title=\"\">\t\t\t\t\t\t\t\t\t\t\t\t\t\t\t<\/div>\n\t\t\t\t<\/div>\n\t\t\t\t\t<\/div>\n\t\t\t\t<\/div>\n\t\t<div class=\"elementor-element elementor-element-eabbb02 e-flex e-con-boxed e-con e-parent\" data-id=\"eabbb02\" data-element_type=\"container\">\n\t\t\t\t\t<div class=\"e-con-inner\">\n\t\t<div class=\"elementor-element elementor-element-09ce1c3 e-con-full e-flex e-con e-child\" data-id=\"09ce1c3\" data-element_type=\"container\">\n\t\t\t\t<div class=\"elementor-element elementor-element-d258906 elementor-widget elementor-widget-button\" data-id=\"d258906\" data-element_type=\"widget\" data-widget_type=\"button.default\">\n\t\t\t\t<div class=\"elementor-widget-container\">\n\t\t\t\t\t\t\t\t\t<div class=\"elementor-button-wrapper\">\n\t\t\t\t\t<a class=\"elementor-button elementor-button-link elementor-size-sm\" href=\"https:\/\/www.domainedeletabliere.com\/en\/the-surrounding-area\/bourgenay-golf-club\/\">\n\t\t\t\t\t\t<span class=\"elementor-button-content-wrapper\">\n\t\t\t\t\t\t<span class=\"elementor-button-icon\">\n\t\t\t\t<i aria-hidden=\"true\" class=\"eliofont eliofont-arrow-left\"><\/i>\t\t\t<\/span>\n\t\t\t\t\t\t\t\t\t<span class=\"elementor-button-text\">Previous destination<\/span>\n\t\t\t\t\t<\/span>\n\t\t\t\t\t<\/a>\n\t\t\t\t<\/div>\n\t\t\t\t\t\t\t\t<\/div>\n\t\t\t\t<\/div>\n\t\t\t\t<\/div>\n\t\t<div class=\"elementor-element elementor-element-4e44b92 e-con-full e-flex e-con e-child\" data-id=\"4e44b92\" data-element_type=\"container\">\n\t\t\t\t<div class=\"elementor-element elementor-element-8ddbf02 elementor-widget elementor-widget-button\" data-id=\"8ddbf02\" data-element_type=\"widget\" data-widget_type=\"button.default\">\n\t\t\t\t<div class=\"elementor-widget-container\">\n\t\t\t\t\t\t\t\t\t<div class=\"elementor-button-wrapper\">\n\t\t\t\t\t<a class=\"elementor-button elementor-button-link elementor-size-sm\" href=\"https:\/\/www.domainedeletabliere.com\/en\/the-surrounding-area\/les-sables-d-olonne\/\">\n\t\t\t\t\t\t<span class=\"elementor-button-content-wrapper\">\n\t\t\t\t\t\t<span class=\"elementor-button-icon\">\n\t\t\t\t<i aria-hidden=\"true\" class=\"eliofont eliofont-arrow-right\"><\/i>\t\t\t<\/span>\n\t\t\t\t\t\t\t\t\t<span class=\"elementor-button-text\">Next destination<\/span>\n\t\t\t\t\t<\/span>\n\t\t\t\t\t<\/a>\n\t\t\t\t<\/div>\n\t\t\t\t\t\t\t\t<\/div>\n\t\t\t\t<\/div>\n\t\t\t\t<\/div>\n\t\t\t\t\t<\/div>\n\t\t\t\t<\/div>\n\t\t\t\t<\/div>","protected":false},"excerpt":{"rendered":"<p>Talmont-Saint-Hilaire, between land and ocean Talmont Saint-Hilaire A village with character in the Vend\u00e9e Just a few minutes from Domaine de l'\u00c9TABLI\u00c8RE, Talmont-Saint-Hilaire reveals an authentic way of life, between heritage and unspoilt nature. Dominated by its medieval castle, the village invites you to stroll through its narrow streets steeped in history. Here, time seems to stand still, offering an [...]<\/p>","protected":false},"author":5,"featured_media":0,"parent":166,"menu_order":0,"comment_status":"closed","ping_status":"closed","template":"","meta":{"_acf_changed":false,"inline_featured_image":false,"footnotes":""},"class_list":["post-2608","page","type-page","status-publish","hentry"],"acf":[],"_links":{"self":[{"href":"https:\/\/www.domainedeletabliere.com\/en\/wp-json\/wp\/v2\/pages\/2608","targetHints":{"allow":["GET"]}}],"collection":[{"href":"https:\/\/www.domainedeletabliere.com\/en\/wp-json\/wp\/v2\/pages"}],"about":[{"href":"https:\/\/www.domainedeletabliere.com\/en\/wp-json\/wp\/v2\/types\/page"}],"author":[{"embeddable":true,"href":"https:\/\/www.domainedeletabliere.com\/en\/wp-json\/wp\/v2\/users\/5"}],"replies":[{"embeddable":true,"href":"https:\/\/www.domainedeletabliere.com\/en\/wp-json\/wp\/v2\/comments?post=2608"}],"version-history":[{"count":35,"href":"https:\/\/www.domainedeletabliere.com\/en\/wp-json\/wp\/v2\/pages\/2608\/revisions"}],"predecessor-version":[{"id":5177,"href":"https:\/\/www.domainedeletabliere.com\/en\/wp-json\/wp\/v2\/pages\/2608\/revisions\/5177"}],"up":[{"embeddable":true,"href":"https:\/\/www.domainedeletabliere.com\/en\/wp-json\/wp\/v2\/pages\/166"}],"wp:attachment":[{"href":"https:\/\/www.domainedeletabliere.com\/en\/wp-json\/wp\/v2\/media?parent=2608"}],"curies":[{"name":"wp","href":"https:\/\/api.w.org\/{rel}","templated":true}]}}